{"id":340,"date":"2021-09-15T11:50:54","date_gmt":"2021-09-15T14:50:54","guid":{"rendered":"http:\/\/039-cnsr.isf-uy.com\/?page_id=340"},"modified":"2021-09-15T16:38:56","modified_gmt":"2021-09-15T19:38:56","slug":"trabaja-con-nosotros","status":"publish","type":"page","link":"https:\/\/rosarinos.edu.uy\/index.php\/trabaja-con-nosotros\/","title":{"rendered":"Trabaja con nosotros"},"content":{"rendered":"\n<div class=\"wpcf7 no-js\" id=\"wpcf7-f519-o1\" lang=\"es-ES\" dir=\"ltr\" data-wpcf7-id=\"519\">\n<div class=\"screen-reader-response\"><p role=\"status\" aria-live=\"polite\" aria-atomic=\"true\"><\/p> <ul><\/ul><\/div>\n<form action=\"\/index.php\/wp-json\/wp\/v2\/pages\/340#wpcf7-f519-o1\" method=\"post\" class=\"wpcf7-form init\" aria-label=\"Formulario de contacto\" enctype=\"multipart\/form-data\" novalidate=\"novalidate\" data-status=\"init\">\n<fieldset class=\"hidden-fields-container\"><input type=\"hidden\" name=\"_wpcf7\" value=\"519\" \/><input type=\"hidden\" name=\"_wpcf7_version\" value=\"6.1.5\" \/><input type=\"hidden\" name=\"_wpcf7_locale\" value=\"es_ES\" \/><input type=\"hidden\" name=\"_wpcf7_unit_tag\" value=\"wpcf7-f519-o1\" \/><input type=\"hidden\" name=\"_wpcf7_container_post\" value=\"0\" \/><input type=\"hidden\" name=\"_wpcf7_posted_data_hash\" value=\"\" \/><input type=\"hidden\" name=\"_wpcf7_recaptcha_response\" value=\"\" \/>\n<\/fieldset>\n<p><label> Nombre*<br \/>\n<span class=\"wpcf7-form-control-wrap\" data-name=\"your-name\"><input size=\"40\" maxlength=\"400\" class=\"wpcf7-form-control wpcf7-text wpcf7-validates-as-required\" aria-required=\"true\" aria-invalid=\"false\" value=\"\" type=\"text\" name=\"your-name\" \/><\/span> <\/label>\n<\/p>\n<p><label> Email*<br \/>\n<span class=\"wpcf7-form-control-wrap\" data-name=\"your-email\"><input size=\"40\" maxlength=\"400\" class=\"wpcf7-form-control wpcf7-email wpcf7-validates-as-required wpcf7-text wpcf7-validates-as-email\" aria-required=\"true\" aria-invalid=\"false\" value=\"\" type=\"email\" name=\"your-email\" \/><\/span> <\/label>\n<\/p>\n<p><label> Tel\u00e9fono*<br \/>\n<span class=\"wpcf7-form-control-wrap\" data-name=\"tel-705\"><input size=\"40\" maxlength=\"400\" class=\"wpcf7-form-control wpcf7-tel wpcf7-text wpcf7-validates-as-tel\" aria-invalid=\"false\" value=\"\" type=\"tel\" name=\"tel-705\" \/><\/span> <\/label>\n<\/p>\n<p><label> Adjunta tu CV (pdf)<br \/>\n<span class=\"wpcf7-form-control-wrap\" data-name=\"file-448\"><input size=\"40\" class=\"wpcf7-form-control wpcf7-file\" accept=\".pdf\" aria-invalid=\"false\" type=\"file\" name=\"file-448\" \/><\/span> <\/label>\n<\/p>\n<p><label> Observaciones<br \/>\n<span class=\"wpcf7-form-control-wrap\" data-name=\"your-message\"><textarea cols=\"40\" rows=\"10\" maxlength=\"2000\" class=\"wpcf7-form-control wpcf7-textarea\" aria-invalid=\"false\" name=\"your-message\"><\/textarea><\/span> <\/label>\n<\/p>\n<p><input class=\"wpcf7-form-control wpcf7-submit has-spinner\" type=\"submit\" value=\"Enviar\" \/>\n<\/p><div class=\"wpcf7-response-output\" aria-hidden=\"true\"><\/div>\n<\/form>\n<\/div>\n\n","protected":false},"excerpt":{"rendered":"","protected":false},"author":1,"featured_media":0,"parent":0,"menu_order":0,"comment_status":"closed","ping_status":"closed","template":"","meta":{"footnotes":""},"class_list":["post-340","page","type-page","status-publish","hentry"],"yoast_head":"<!-- This site is optimized with the Yoast SEO plugin v27.3 - https:\/\/yoast.com\/product\/yoast-seo-wordpress\/ -->\n<title>Trabaja con nosotros - Colegio Nuestra Se\u00f1ora del Rosario<\/title>\n<meta name=\"robots\" content=\"index, follow, max-snippet:-1, max-image-preview:large, max-video-preview:-1\" \/>\n<link rel=\"canonical\" href=\"https:\/\/rosarinos.edu.uy\/index.php\/trabaja-con-nosotros\/\" \/>\n<meta property=\"og:locale\" content=\"es_ES\" \/>\n<meta property=\"og:type\" content=\"article\" \/>\n<meta property=\"og:title\" content=\"Trabaja con nosotros - Colegio Nuestra Se\u00f1ora del Rosario\" \/>\n<meta property=\"og:url\" content=\"https:\/\/rosarinos.edu.uy\/index.php\/trabaja-con-nosotros\/\" \/>\n<meta property=\"og:site_name\" content=\"Colegio Nuestra Se\u00f1ora del Rosario\" \/>\n<meta property=\"article:modified_time\" content=\"2021-09-15T19:38:56+00:00\" \/>\n<meta name=\"twitter:card\" content=\"summary_large_image\" \/>\n<meta name=\"twitter:label1\" content=\"Tiempo de lectura\" \/>\n\t<meta name=\"twitter:data1\" content=\"1 minuto\" \/>\n<script type=\"application\/ld+json\" class=\"yoast-schema-graph\">{\"@context\":\"https:\\\/\\\/schema.org\",\"@graph\":[{\"@type\":\"WebPage\",\"@id\":\"https:\\\/\\\/rosarinos.edu.uy\\\/index.php\\\/trabaja-con-nosotros\\\/\",\"url\":\"https:\\\/\\\/rosarinos.edu.uy\\\/index.php\\\/trabaja-con-nosotros\\\/\",\"name\":\"Trabaja con nosotros - Colegio Nuestra Se\u00f1ora del Rosario\",\"isPartOf\":{\"@id\":\"https:\\\/\\\/rosarinos.edu.uy\\\/#website\"},\"datePublished\":\"2021-09-15T14:50:54+00:00\",\"dateModified\":\"2021-09-15T19:38:56+00:00\",\"breadcrumb\":{\"@id\":\"https:\\\/\\\/rosarinos.edu.uy\\\/index.php\\\/trabaja-con-nosotros\\\/#breadcrumb\"},\"inLanguage\":\"es\",\"potentialAction\":[{\"@type\":\"ReadAction\",\"target\":[\"https:\\\/\\\/rosarinos.edu.uy\\\/index.php\\\/trabaja-con-nosotros\\\/\"]}]},{\"@type\":\"BreadcrumbList\",\"@id\":\"https:\\\/\\\/rosarinos.edu.uy\\\/index.php\\\/trabaja-con-nosotros\\\/#breadcrumb\",\"itemListElement\":[{\"@type\":\"ListItem\",\"position\":1,\"name\":\"Home\",\"item\":\"https:\\\/\\\/rosarinos.edu.uy\\\/\"},{\"@type\":\"ListItem\",\"position\":2,\"name\":\"Trabaja con nosotros\"}]},{\"@type\":\"WebSite\",\"@id\":\"https:\\\/\\\/rosarinos.edu.uy\\\/#website\",\"url\":\"https:\\\/\\\/rosarinos.edu.uy\\\/\",\"name\":\"Colegio Nuestra Se\u00f1ora del Rosario\",\"description\":\"Nuestra identidad como Colegio se compone de la suma de distintos aspectos que nos hacen una instituci\u00f3n educativa con caracter\u00edsticas propias, donde toda la comunidad educativa vive una experiencia \u00fanica.\",\"potentialAction\":[{\"@type\":\"SearchAction\",\"target\":{\"@type\":\"EntryPoint\",\"urlTemplate\":\"https:\\\/\\\/rosarinos.edu.uy\\\/?s={search_term_string}\"},\"query-input\":{\"@type\":\"PropertyValueSpecification\",\"valueRequired\":true,\"valueName\":\"search_term_string\"}}],\"inLanguage\":\"es\"}]}<\/script>\n<!-- \/ Yoast SEO plugin. -->","yoast_head_json":{"title":"Trabaja con nosotros - Colegio Nuestra Se\u00f1ora del Rosario","robots":{"index":"index","follow":"follow","max-snippet":"max-snippet:-1","max-image-preview":"max-image-preview:large","max-video-preview":"max-video-preview:-1"},"canonical":"https:\/\/rosarinos.edu.uy\/index.php\/trabaja-con-nosotros\/","og_locale":"es_ES","og_type":"article","og_title":"Trabaja con nosotros - Colegio Nuestra Se\u00f1ora del Rosario","og_url":"https:\/\/rosarinos.edu.uy\/index.php\/trabaja-con-nosotros\/","og_site_name":"Colegio Nuestra Se\u00f1ora del Rosario","article_modified_time":"2021-09-15T19:38:56+00:00","twitter_card":"summary_large_image","twitter_misc":{"Tiempo de lectura":"1 minuto"},"schema":{"@context":"https:\/\/schema.org","@graph":[{"@type":"WebPage","@id":"https:\/\/rosarinos.edu.uy\/index.php\/trabaja-con-nosotros\/","url":"https:\/\/rosarinos.edu.uy\/index.php\/trabaja-con-nosotros\/","name":"Trabaja con nosotros - Colegio Nuestra Se\u00f1ora del Rosario","isPartOf":{"@id":"https:\/\/rosarinos.edu.uy\/#website"},"datePublished":"2021-09-15T14:50:54+00:00","dateModified":"2021-09-15T19:38:56+00:00","breadcrumb":{"@id":"https:\/\/rosarinos.edu.uy\/index.php\/trabaja-con-nosotros\/#breadcrumb"},"inLanguage":"es","potentialAction":[{"@type":"ReadAction","target":["https:\/\/rosarinos.edu.uy\/index.php\/trabaja-con-nosotros\/"]}]},{"@type":"BreadcrumbList","@id":"https:\/\/rosarinos.edu.uy\/index.php\/trabaja-con-nosotros\/#breadcrumb","itemListElement":[{"@type":"ListItem","position":1,"name":"Home","item":"https:\/\/rosarinos.edu.uy\/"},{"@type":"ListItem","position":2,"name":"Trabaja con nosotros"}]},{"@type":"WebSite","@id":"https:\/\/rosarinos.edu.uy\/#website","url":"https:\/\/rosarinos.edu.uy\/","name":"Colegio Nuestra Se\u00f1ora del Rosario","description":"Nuestra identidad como Colegio se compone de la suma de distintos aspectos que nos hacen una instituci\u00f3n educativa con caracter\u00edsticas propias, donde toda la comunidad educativa vive una experiencia \u00fanica.","potentialAction":[{"@type":"SearchAction","target":{"@type":"EntryPoint","urlTemplate":"https:\/\/rosarinos.edu.uy\/?s={search_term_string}"},"query-input":{"@type":"PropertyValueSpecification","valueRequired":true,"valueName":"search_term_string"}}],"inLanguage":"es"}]}},"_links":{"self":[{"href":"https:\/\/rosarinos.edu.uy\/index.php\/wp-json\/wp\/v2\/pages\/340","targetHints":{"allow":["GET"]}}],"collection":[{"href":"https:\/\/rosarinos.edu.uy\/index.php\/wp-json\/wp\/v2\/pages"}],"about":[{"href":"https:\/\/rosarinos.edu.uy\/index.php\/wp-json\/wp\/v2\/types\/page"}],"author":[{"embeddable":true,"href":"https:\/\/rosarinos.edu.uy\/index.php\/wp-json\/wp\/v2\/users\/1"}],"replies":[{"embeddable":true,"href":"https:\/\/rosarinos.edu.uy\/index.php\/wp-json\/wp\/v2\/comments?post=340"}],"version-history":[{"count":2,"href":"https:\/\/rosarinos.edu.uy\/index.php\/wp-json\/wp\/v2\/pages\/340\/revisions"}],"predecessor-version":[{"id":520,"href":"https:\/\/rosarinos.edu.uy\/index.php\/wp-json\/wp\/v2\/pages\/340\/revisions\/520"}],"wp:attachment":[{"href":"https:\/\/rosarinos.edu.uy\/index.php\/wp-json\/wp\/v2\/media?parent=340"}],"curies":[{"name":"wp","href":"https:\/\/api.w.org\/{rel}","templated":true}]}}