{"id":337,"date":"2021-09-15T11:46:57","date_gmt":"2021-09-15T14:46:57","guid":{"rendered":"http:\/\/039-cnsr.isf-uy.com\/?page_id=337"},"modified":"2024-02-27T21:42:09","modified_gmt":"2024-02-28T00:42:09","slug":"mision-y-vision","status":"publish","type":"page","link":"https:\/\/rosarinos.edu.uy\/index.php\/mision-y-vision\/","title":{"rendered":"Misi\u00f3n y visi\u00f3n"},"content":{"rendered":"<h5>MISI\u00d3N &#8211; Un Colegio distinto<\/h5>\n<p><span style=\"font-weight: 400;\">Somos un equipo que brinda una educaci\u00f3n con estilo formativo rosarino, el que se caracteriza por:<\/span><\/p>\n<ul>\n<li style=\"font-weight: 400;\" aria-level=\"1\"><span style=\"font-weight: 400;\">Una base de valores cristianos en el marco de un ambiente social positivo.<\/span><\/li>\n<li style=\"font-weight: 400;\" aria-level=\"1\"><span style=\"font-weight: 400;\">Una b\u00fasqueda de la mejora continua, adapt\u00e1ndose al momento presente de las personas, los tiempos y los lugares.<\/span><\/li>\n<li style=\"font-weight: 400;\" aria-level=\"1\"><span style=\"font-weight: 400;\">La alumna y el alumno como centro de una vivencia acad\u00e9mica y humana de crecimiento multidimensional, que le permita desarrollar competencias para ser art\u00edfice de su proyecto de vida.<\/span><\/li>\n<\/ul>\n<h5>VISI\u00d3N &#8211; Un Colegio para todos<\/h5>\n<p><span style=\"font-weight: 400;\">Ser un colegio apreciado por su compromiso y empat\u00eda con las personas:<\/span><\/p>\n<ul>\n<li style=\"font-weight: 400;\" aria-level=\"1\"><span style=\"font-weight: 400;\">Atendiendo e integrando las necesidades de los alumnos, las familias, los colaboradores y las de la comunidad educativa toda.<\/span><\/li>\n<li style=\"font-weight: 400;\" aria-level=\"1\"><span style=\"font-weight: 400;\">Siendo especialmente reconocido por la calidez de su grupo humano y por la calidad acad\u00e9mica de su propuesta educativa.<\/span><\/li>\n<li style=\"font-weight: 400;\" aria-level=\"1\"><span style=\"font-weight: 400;\">Forjando en sus integrantes una libertad solidaria con la que hacen el bien y son misericordiosos con el pr\u00f3jimo.<\/span><\/li>\n<\/ul>\n","protected":false},"excerpt":{"rendered":"<p>MISI\u00d3N &#8211; Un Colegio distinto Somos un equipo que brinda una educaci\u00f3n con estilo formativo rosarino, el que se caracteriza por: Una base de valores cristianos en el marco de un ambiente social positivo. Una b\u00fasqueda de la mejora continua, adapt\u00e1ndose al momento presente de las personas, los tiempos y los lugares. La alumna y &hellip; <a href=\"https:\/\/rosarinos.edu.uy\/index.php\/mision-y-vision\/\" class=\"more-link\">Continue reading<span class=\"screen-reader-text\"> \u00abMisi\u00f3n y visi\u00f3n\u00bb<\/span><\/a><\/p>\n","protected":false},"author":1,"featured_media":0,"parent":0,"menu_order":0,"comment_status":"closed","ping_status":"closed","template":"","meta":{"footnotes":""},"class_list":["post-337","page","type-page","status-publish","hentry"],"yoast_head":"<!-- This site is optimized with the Yoast SEO plugin v27.3 - https:\/\/yoast.com\/product\/yoast-seo-wordpress\/ -->\n<title>Misi\u00f3n y visi\u00f3n - Colegio Nuestra Se\u00f1ora del Rosario<\/title>\n<meta name=\"robots\" content=\"index, follow, max-snippet:-1, max-image-preview:large, max-video-preview:-1\" \/>\n<link rel=\"canonical\" href=\"https:\/\/rosarinos.edu.uy\/index.php\/mision-y-vision\/\" \/>\n<meta property=\"og:locale\" content=\"es_ES\" \/>\n<meta property=\"og:type\" content=\"article\" \/>\n<meta property=\"og:title\" content=\"Misi\u00f3n y visi\u00f3n - Colegio Nuestra Se\u00f1ora del Rosario\" \/>\n<meta property=\"og:description\" content=\"MISI\u00d3N &#8211; Un Colegio distinto Somos un equipo que brinda una educaci\u00f3n con estilo formativo rosarino, el que se caracteriza por: Una base de valores cristianos en el marco de un ambiente social positivo. Una b\u00fasqueda de la mejora continua, adapt\u00e1ndose al momento presente de las personas, los tiempos y los lugares. La alumna y &hellip; Continue reading &quot;Misi\u00f3n y visi\u00f3n&quot;\" \/>\n<meta property=\"og:url\" content=\"https:\/\/rosarinos.edu.uy\/index.php\/mision-y-vision\/\" \/>\n<meta property=\"og:site_name\" content=\"Colegio Nuestra Se\u00f1ora del Rosario\" \/>\n<meta property=\"article:modified_time\" content=\"2024-02-28T00:42:09+00:00\" \/>\n<meta name=\"twitter:card\" content=\"summary_large_image\" \/>\n<meta name=\"twitter:label1\" content=\"Tiempo de lectura\" \/>\n\t<meta name=\"twitter:data1\" content=\"1 minuto\" \/>\n<script type=\"application\/ld+json\" class=\"yoast-schema-graph\">{\"@context\":\"https:\\\/\\\/schema.org\",\"@graph\":[{\"@type\":\"WebPage\",\"@id\":\"https:\\\/\\\/rosarinos.edu.uy\\\/index.php\\\/mision-y-vision\\\/\",\"url\":\"https:\\\/\\\/rosarinos.edu.uy\\\/index.php\\\/mision-y-vision\\\/\",\"name\":\"Misi\u00f3n y visi\u00f3n - Colegio Nuestra Se\u00f1ora del Rosario\",\"isPartOf\":{\"@id\":\"https:\\\/\\\/rosarinos.edu.uy\\\/#website\"},\"datePublished\":\"2021-09-15T14:46:57+00:00\",\"dateModified\":\"2024-02-28T00:42:09+00:00\",\"breadcrumb\":{\"@id\":\"https:\\\/\\\/rosarinos.edu.uy\\\/index.php\\\/mision-y-vision\\\/#breadcrumb\"},\"inLanguage\":\"es\",\"potentialAction\":[{\"@type\":\"ReadAction\",\"target\":[\"https:\\\/\\\/rosarinos.edu.uy\\\/index.php\\\/mision-y-vision\\\/\"]}]},{\"@type\":\"BreadcrumbList\",\"@id\":\"https:\\\/\\\/rosarinos.edu.uy\\\/index.php\\\/mision-y-vision\\\/#breadcrumb\",\"itemListElement\":[{\"@type\":\"ListItem\",\"position\":1,\"name\":\"Home\",\"item\":\"https:\\\/\\\/rosarinos.edu.uy\\\/\"},{\"@type\":\"ListItem\",\"position\":2,\"name\":\"Misi\u00f3n y visi\u00f3n\"}]},{\"@type\":\"WebSite\",\"@id\":\"https:\\\/\\\/rosarinos.edu.uy\\\/#website\",\"url\":\"https:\\\/\\\/rosarinos.edu.uy\\\/\",\"name\":\"Colegio Nuestra Se\u00f1ora del Rosario\",\"description\":\"Nuestra identidad como Colegio se compone de la suma de distintos aspectos que nos hacen una instituci\u00f3n educativa con caracter\u00edsticas propias, donde toda la comunidad educativa vive una experiencia \u00fanica.\",\"potentialAction\":[{\"@type\":\"SearchAction\",\"target\":{\"@type\":\"EntryPoint\",\"urlTemplate\":\"https:\\\/\\\/rosarinos.edu.uy\\\/?s={search_term_string}\"},\"query-input\":{\"@type\":\"PropertyValueSpecification\",\"valueRequired\":true,\"valueName\":\"search_term_string\"}}],\"inLanguage\":\"es\"}]}<\/script>\n<!-- \/ Yoast SEO plugin. -->","yoast_head_json":{"title":"Misi\u00f3n y visi\u00f3n - Colegio Nuestra Se\u00f1ora del Rosario","robots":{"index":"index","follow":"follow","max-snippet":"max-snippet:-1","max-image-preview":"max-image-preview:large","max-video-preview":"max-video-preview:-1"},"canonical":"https:\/\/rosarinos.edu.uy\/index.php\/mision-y-vision\/","og_locale":"es_ES","og_type":"article","og_title":"Misi\u00f3n y visi\u00f3n - Colegio Nuestra Se\u00f1ora del Rosario","og_description":"MISI\u00d3N &#8211; Un Colegio distinto Somos un equipo que brinda una educaci\u00f3n con estilo formativo rosarino, el que se caracteriza por: Una base de valores cristianos en el marco de un ambiente social positivo. Una b\u00fasqueda de la mejora continua, adapt\u00e1ndose al momento presente de las personas, los tiempos y los lugares. La alumna y &hellip; Continue reading \"Misi\u00f3n y visi\u00f3n\"","og_url":"https:\/\/rosarinos.edu.uy\/index.php\/mision-y-vision\/","og_site_name":"Colegio Nuestra Se\u00f1ora del Rosario","article_modified_time":"2024-02-28T00:42:09+00:00","twitter_card":"summary_large_image","twitter_misc":{"Tiempo de lectura":"1 minuto"},"schema":{"@context":"https:\/\/schema.org","@graph":[{"@type":"WebPage","@id":"https:\/\/rosarinos.edu.uy\/index.php\/mision-y-vision\/","url":"https:\/\/rosarinos.edu.uy\/index.php\/mision-y-vision\/","name":"Misi\u00f3n y visi\u00f3n - Colegio Nuestra Se\u00f1ora del Rosario","isPartOf":{"@id":"https:\/\/rosarinos.edu.uy\/#website"},"datePublished":"2021-09-15T14:46:57+00:00","dateModified":"2024-02-28T00:42:09+00:00","breadcrumb":{"@id":"https:\/\/rosarinos.edu.uy\/index.php\/mision-y-vision\/#breadcrumb"},"inLanguage":"es","potentialAction":[{"@type":"ReadAction","target":["https:\/\/rosarinos.edu.uy\/index.php\/mision-y-vision\/"]}]},{"@type":"BreadcrumbList","@id":"https:\/\/rosarinos.edu.uy\/index.php\/mision-y-vision\/#breadcrumb","itemListElement":[{"@type":"ListItem","position":1,"name":"Home","item":"https:\/\/rosarinos.edu.uy\/"},{"@type":"ListItem","position":2,"name":"Misi\u00f3n y visi\u00f3n"}]},{"@type":"WebSite","@id":"https:\/\/rosarinos.edu.uy\/#website","url":"https:\/\/rosarinos.edu.uy\/","name":"Colegio Nuestra Se\u00f1ora del Rosario","description":"Nuestra identidad como Colegio se compone de la suma de distintos aspectos que nos hacen una instituci\u00f3n educativa con caracter\u00edsticas propias, donde toda la comunidad educativa vive una experiencia \u00fanica.","potentialAction":[{"@type":"SearchAction","target":{"@type":"EntryPoint","urlTemplate":"https:\/\/rosarinos.edu.uy\/?s={search_term_string}"},"query-input":{"@type":"PropertyValueSpecification","valueRequired":true,"valueName":"search_term_string"}}],"inLanguage":"es"}]}},"_links":{"self":[{"href":"https:\/\/rosarinos.edu.uy\/index.php\/wp-json\/wp\/v2\/pages\/337","targetHints":{"allow":["GET"]}}],"collection":[{"href":"https:\/\/rosarinos.edu.uy\/index.php\/wp-json\/wp\/v2\/pages"}],"about":[{"href":"https:\/\/rosarinos.edu.uy\/index.php\/wp-json\/wp\/v2\/types\/page"}],"author":[{"embeddable":true,"href":"https:\/\/rosarinos.edu.uy\/index.php\/wp-json\/wp\/v2\/users\/1"}],"replies":[{"embeddable":true,"href":"https:\/\/rosarinos.edu.uy\/index.php\/wp-json\/wp\/v2\/comments?post=337"}],"version-history":[{"count":4,"href":"https:\/\/rosarinos.edu.uy\/index.php\/wp-json\/wp\/v2\/pages\/337\/revisions"}],"predecessor-version":[{"id":3668,"href":"https:\/\/rosarinos.edu.uy\/index.php\/wp-json\/wp\/v2\/pages\/337\/revisions\/3668"}],"wp:attachment":[{"href":"https:\/\/rosarinos.edu.uy\/index.php\/wp-json\/wp\/v2\/media?parent=337"}],"curies":[{"name":"wp","href":"https:\/\/api.w.org\/{rel}","templated":true}]}}