{"id":164,"date":"2021-09-06T16:25:40","date_gmt":"2021-09-06T19:25:40","guid":{"rendered":"http:\/\/039-cnsr.isf-uy.com\/?page_id=164"},"modified":"2021-09-17T17:30:47","modified_gmt":"2021-09-17T20:30:47","slug":"como-llegar","status":"publish","type":"page","link":"https:\/\/rosarinos.edu.uy\/index.php\/como-llegar\/","title":{"rendered":"C\u00f3mo llegar"},"content":{"rendered":"<p><span style=\"font-weight: 400;\"><img loading=\"lazy\" decoding=\"async\" class=\"alignright wp-image-582 size-medium\" src=\"https:\/\/rosarinos.edu.uy\/wp-content\/uploads\/2021\/09\/icon_transporte-300x300.png\" alt=\"Transporte\" width=\"300\" height=\"300\" srcset=\"https:\/\/rosarinos.edu.uy\/wp-content\/uploads\/2021\/09\/icon_transporte.png 300w, https:\/\/rosarinos.edu.uy\/wp-content\/uploads\/2021\/09\/icon_transporte-150x150.png 150w\" sizes=\"auto, (max-width: 300px) 85vw, 300px\" \/><\/span><\/p>\n<h5>Empresas de transporte escolar para Educaci\u00f3n Inicial, Primaria y Secundaria<\/h5>\n<p>Jorge y Claudia &#8211; 099 699 988 &#8211; 099 375 573 &#8211; (Desde Neptunia hasta Las Toscas, sur y norte).<br \/>\nVirginia &#8211; 099 043 086 &#8211; (Desde Villa Argentina hasta La Floresta, sur y norte).<br \/>\nMarcelo &#8211; 095 161 820 &#8211; (Desde peaje de arroyo Pando hasta La Floresta, sur y norte).<\/p>\n<h5>Transporte p\u00fablico<\/h5>\n<p>Empresa SATT | L\u00ednea 5 | Parque del Plata &#8211; Pando &#8211; Parque del Plata<br \/>\nEmpresa COPSA | L\u00ednea 710 (E.A.) | Montevideo &#8211; Est. Atl\u00e1ntida &#8211; Montevideo<br \/>\nEmpresa CUTCSA | L\u00ednea C5 (E.A.) | Montevideo &#8211; Est. Atl\u00e1ntida &#8211; Montevideo<\/p>\n<p>Nuestros alumnos y dem\u00e1s integrantes de la comunidad educativa provienen tanto de la Costa de Oro como de los ejes de Ruta 11 y de Ruta 8. Mediante las mencionadas opciones de transporte p\u00fablico y escolar, queda cubierta la movilidad dentro de gran parte de nuestra \u00e1rea de influencia. La misma abarca las siguientes localidades:<\/p>\n<p>Neptunia, Pinamar &#8211; Pinepark, Salinas, Marindia, Fort\u00edn de Santa Rosa, Villa Argentina, Atl\u00e1ntida, Las Toscas, Parque del Plata, Las Vegas, La Floresta, Costa Azul, Bello Horizonte, Guazuvir\u00e1 Nuevo, Guazuvir\u00e1, San Luis, Los Titanes, La Tuna, Araminda, Santa Luc\u00eda del Este, Biarritz, Cuchilla Alta, El Gale\u00f3n, Santa Ana, City Golf, Estaci\u00f3n Atl\u00e1ntida, La Chinchilla, La Palmita, Piedra del Toro, Empalme Olmos, San Jacinto, Pando, El Pinar.<\/p>\n","protected":false},"excerpt":{"rendered":"<p>Empresas de transporte escolar para Educaci\u00f3n Inicial, Primaria y Secundaria Jorge y Claudia &#8211; 099 699 988 &#8211; 099 375 573 &#8211; (Desde Neptunia hasta Las Toscas, sur y norte). Virginia &#8211; 099 043 086 &#8211; (Desde Villa Argentina hasta La Floresta, sur y norte). Marcelo &#8211; 095 161 820 &#8211; (Desde peaje de arroyo &hellip; <a href=\"https:\/\/rosarinos.edu.uy\/index.php\/como-llegar\/\" class=\"more-link\">Continue reading<span class=\"screen-reader-text\"> \u00abC\u00f3mo llegar\u00bb<\/span><\/a><\/p>\n","protected":false},"author":1,"featured_media":0,"parent":0,"menu_order":0,"comment_status":"closed","ping_status":"closed","template":"","meta":{"footnotes":""},"class_list":["post-164","page","type-page","status-publish","hentry"],"yoast_head":"<!-- This site is optimized with the Yoast SEO plugin v27.4 - https:\/\/yoast.com\/product\/yoast-seo-wordpress\/ -->\n<title>C\u00f3mo llegar - Colegio Nuestra Se\u00f1ora del Rosario<\/title>\n<meta name=\"robots\" content=\"index, follow, max-snippet:-1, max-image-preview:large, max-video-preview:-1\" \/>\n<link rel=\"canonical\" href=\"https:\/\/rosarinos.edu.uy\/index.php\/como-llegar\/\" \/>\n<meta property=\"og:locale\" content=\"es_ES\" \/>\n<meta property=\"og:type\" content=\"article\" \/>\n<meta property=\"og:title\" content=\"C\u00f3mo llegar - Colegio Nuestra Se\u00f1ora del Rosario\" \/>\n<meta property=\"og:description\" content=\"Empresas de transporte escolar para Educaci\u00f3n Inicial, Primaria y Secundaria Jorge y Claudia &#8211; 099 699 988 &#8211; 099 375 573 &#8211; (Desde Neptunia hasta Las Toscas, sur y norte). Virginia &#8211; 099 043 086 &#8211; (Desde Villa Argentina hasta La Floresta, sur y norte). Marcelo &#8211; 095 161 820 &#8211; (Desde peaje de arroyo &hellip; Continue reading &quot;C\u00f3mo llegar&quot;\" \/>\n<meta property=\"og:url\" content=\"https:\/\/rosarinos.edu.uy\/index.php\/como-llegar\/\" \/>\n<meta property=\"og:site_name\" content=\"Colegio Nuestra Se\u00f1ora del Rosario\" \/>\n<meta property=\"article:modified_time\" content=\"2021-09-17T20:30:47+00:00\" \/>\n<meta property=\"og:image\" content=\"https:\/\/rosarinos.edu.uy\/wp-content\/uploads\/2021\/09\/icon_transporte-300x300.png\" \/>\n<meta name=\"twitter:card\" content=\"summary_large_image\" \/>\n<meta name=\"twitter:label1\" content=\"Tiempo de lectura\" \/>\n\t<meta name=\"twitter:data1\" content=\"1 minuto\" \/>\n<script type=\"application\/ld+json\" class=\"yoast-schema-graph\">{\"@context\":\"https:\\\/\\\/schema.org\",\"@graph\":[{\"@type\":\"WebPage\",\"@id\":\"https:\\\/\\\/rosarinos.edu.uy\\\/index.php\\\/como-llegar\\\/\",\"url\":\"https:\\\/\\\/rosarinos.edu.uy\\\/index.php\\\/como-llegar\\\/\",\"name\":\"C\u00f3mo llegar - Colegio Nuestra Se\u00f1ora del Rosario\",\"isPartOf\":{\"@id\":\"https:\\\/\\\/rosarinos.edu.uy\\\/#website\"},\"primaryImageOfPage\":{\"@id\":\"https:\\\/\\\/rosarinos.edu.uy\\\/index.php\\\/como-llegar\\\/#primaryimage\"},\"image\":{\"@id\":\"https:\\\/\\\/rosarinos.edu.uy\\\/index.php\\\/como-llegar\\\/#primaryimage\"},\"thumbnailUrl\":\"https:\\\/\\\/rosarinos.edu.uy\\\/wp-content\\\/uploads\\\/2021\\\/09\\\/icon_transporte-300x300.png\",\"datePublished\":\"2021-09-06T19:25:40+00:00\",\"dateModified\":\"2021-09-17T20:30:47+00:00\",\"breadcrumb\":{\"@id\":\"https:\\\/\\\/rosarinos.edu.uy\\\/index.php\\\/como-llegar\\\/#breadcrumb\"},\"inLanguage\":\"es\",\"potentialAction\":[{\"@type\":\"ReadAction\",\"target\":[\"https:\\\/\\\/rosarinos.edu.uy\\\/index.php\\\/como-llegar\\\/\"]}]},{\"@type\":\"ImageObject\",\"inLanguage\":\"es\",\"@id\":\"https:\\\/\\\/rosarinos.edu.uy\\\/index.php\\\/como-llegar\\\/#primaryimage\",\"url\":\"https:\\\/\\\/rosarinos.edu.uy\\\/wp-content\\\/uploads\\\/2021\\\/09\\\/icon_transporte.png\",\"contentUrl\":\"https:\\\/\\\/rosarinos.edu.uy\\\/wp-content\\\/uploads\\\/2021\\\/09\\\/icon_transporte.png\",\"width\":300,\"height\":300,\"caption\":\"Transporte\"},{\"@type\":\"BreadcrumbList\",\"@id\":\"https:\\\/\\\/rosarinos.edu.uy\\\/index.php\\\/como-llegar\\\/#breadcrumb\",\"itemListElement\":[{\"@type\":\"ListItem\",\"position\":1,\"name\":\"Home\",\"item\":\"https:\\\/\\\/rosarinos.edu.uy\\\/\"},{\"@type\":\"ListItem\",\"position\":2,\"name\":\"C\u00f3mo llegar\"}]},{\"@type\":\"WebSite\",\"@id\":\"https:\\\/\\\/rosarinos.edu.uy\\\/#website\",\"url\":\"https:\\\/\\\/rosarinos.edu.uy\\\/\",\"name\":\"Colegio Nuestra Se\u00f1ora del Rosario\",\"description\":\"Nuestra identidad como Colegio se compone de la suma de distintos aspectos que nos hacen una instituci\u00f3n educativa con caracter\u00edsticas propias, donde toda la comunidad educativa vive una experiencia \u00fanica.\",\"potentialAction\":[{\"@type\":\"SearchAction\",\"target\":{\"@type\":\"EntryPoint\",\"urlTemplate\":\"https:\\\/\\\/rosarinos.edu.uy\\\/?s={search_term_string}\"},\"query-input\":{\"@type\":\"PropertyValueSpecification\",\"valueRequired\":true,\"valueName\":\"search_term_string\"}}],\"inLanguage\":\"es\"}]}<\/script>\n<!-- \/ Yoast SEO plugin. -->","yoast_head_json":{"title":"C\u00f3mo llegar - Colegio Nuestra Se\u00f1ora del Rosario","robots":{"index":"index","follow":"follow","max-snippet":"max-snippet:-1","max-image-preview":"max-image-preview:large","max-video-preview":"max-video-preview:-1"},"canonical":"https:\/\/rosarinos.edu.uy\/index.php\/como-llegar\/","og_locale":"es_ES","og_type":"article","og_title":"C\u00f3mo llegar - Colegio Nuestra Se\u00f1ora del Rosario","og_description":"Empresas de transporte escolar para Educaci\u00f3n Inicial, Primaria y Secundaria Jorge y Claudia &#8211; 099 699 988 &#8211; 099 375 573 &#8211; (Desde Neptunia hasta Las Toscas, sur y norte). Virginia &#8211; 099 043 086 &#8211; (Desde Villa Argentina hasta La Floresta, sur y norte). Marcelo &#8211; 095 161 820 &#8211; (Desde peaje de arroyo &hellip; Continue reading \"C\u00f3mo llegar\"","og_url":"https:\/\/rosarinos.edu.uy\/index.php\/como-llegar\/","og_site_name":"Colegio Nuestra Se\u00f1ora del Rosario","article_modified_time":"2021-09-17T20:30:47+00:00","og_image":[{"url":"https:\/\/rosarinos.edu.uy\/wp-content\/uploads\/2021\/09\/icon_transporte-300x300.png","type":"","width":"","height":""}],"twitter_card":"summary_large_image","twitter_misc":{"Tiempo de lectura":"1 minuto"},"schema":{"@context":"https:\/\/schema.org","@graph":[{"@type":"WebPage","@id":"https:\/\/rosarinos.edu.uy\/index.php\/como-llegar\/","url":"https:\/\/rosarinos.edu.uy\/index.php\/como-llegar\/","name":"C\u00f3mo llegar - Colegio Nuestra Se\u00f1ora del Rosario","isPartOf":{"@id":"https:\/\/rosarinos.edu.uy\/#website"},"primaryImageOfPage":{"@id":"https:\/\/rosarinos.edu.uy\/index.php\/como-llegar\/#primaryimage"},"image":{"@id":"https:\/\/rosarinos.edu.uy\/index.php\/como-llegar\/#primaryimage"},"thumbnailUrl":"https:\/\/rosarinos.edu.uy\/wp-content\/uploads\/2021\/09\/icon_transporte-300x300.png","datePublished":"2021-09-06T19:25:40+00:00","dateModified":"2021-09-17T20:30:47+00:00","breadcrumb":{"@id":"https:\/\/rosarinos.edu.uy\/index.php\/como-llegar\/#breadcrumb"},"inLanguage":"es","potentialAction":[{"@type":"ReadAction","target":["https:\/\/rosarinos.edu.uy\/index.php\/como-llegar\/"]}]},{"@type":"ImageObject","inLanguage":"es","@id":"https:\/\/rosarinos.edu.uy\/index.php\/como-llegar\/#primaryimage","url":"https:\/\/rosarinos.edu.uy\/wp-content\/uploads\/2021\/09\/icon_transporte.png","contentUrl":"https:\/\/rosarinos.edu.uy\/wp-content\/uploads\/2021\/09\/icon_transporte.png","width":300,"height":300,"caption":"Transporte"},{"@type":"BreadcrumbList","@id":"https:\/\/rosarinos.edu.uy\/index.php\/como-llegar\/#breadcrumb","itemListElement":[{"@type":"ListItem","position":1,"name":"Home","item":"https:\/\/rosarinos.edu.uy\/"},{"@type":"ListItem","position":2,"name":"C\u00f3mo llegar"}]},{"@type":"WebSite","@id":"https:\/\/rosarinos.edu.uy\/#website","url":"https:\/\/rosarinos.edu.uy\/","name":"Colegio Nuestra Se\u00f1ora del Rosario","description":"Nuestra identidad como Colegio se compone de la suma de distintos aspectos que nos hacen una instituci\u00f3n educativa con caracter\u00edsticas propias, donde toda la comunidad educativa vive una experiencia \u00fanica.","potentialAction":[{"@type":"SearchAction","target":{"@type":"EntryPoint","urlTemplate":"https:\/\/rosarinos.edu.uy\/?s={search_term_string}"},"query-input":{"@type":"PropertyValueSpecification","valueRequired":true,"valueName":"search_term_string"}}],"inLanguage":"es"}]}},"_links":{"self":[{"href":"https:\/\/rosarinos.edu.uy\/index.php\/wp-json\/wp\/v2\/pages\/164","targetHints":{"allow":["GET"]}}],"collection":[{"href":"https:\/\/rosarinos.edu.uy\/index.php\/wp-json\/wp\/v2\/pages"}],"about":[{"href":"https:\/\/rosarinos.edu.uy\/index.php\/wp-json\/wp\/v2\/types\/page"}],"author":[{"embeddable":true,"href":"https:\/\/rosarinos.edu.uy\/index.php\/wp-json\/wp\/v2\/users\/1"}],"replies":[{"embeddable":true,"href":"https:\/\/rosarinos.edu.uy\/index.php\/wp-json\/wp\/v2\/comments?post=164"}],"version-history":[{"count":10,"href":"https:\/\/rosarinos.edu.uy\/index.php\/wp-json\/wp\/v2\/pages\/164\/revisions"}],"predecessor-version":[{"id":798,"href":"https:\/\/rosarinos.edu.uy\/index.php\/wp-json\/wp\/v2\/pages\/164\/revisions\/798"}],"wp:attachment":[{"href":"https:\/\/rosarinos.edu.uy\/index.php\/wp-json\/wp\/v2\/media?parent=164"}],"curies":[{"name":"wp","href":"https:\/\/api.w.org\/{rel}","templated":true}]}}