{"id":156,"date":"2021-09-06T16:17:23","date_gmt":"2021-09-06T19:17:23","guid":{"rendered":"http:\/\/039-cnsr.isf-uy.com\/?page_id=156"},"modified":"2021-09-17T14:10:43","modified_gmt":"2021-09-17T17:10:43","slug":"propuesta-educacion-secundaria","status":"publish","type":"page","link":"https:\/\/rosarinos.edu.uy\/index.php\/propuesta-educacion-secundaria\/","title":{"rendered":"Propuesta Educaci\u00f3n Secundaria"},"content":{"rendered":"<h5><b><img loading=\"lazy\" decoding=\"async\" class=\"alignright size-full wp-image-597\" src=\"https:\/\/rosarinos.edu.uy\/wp-content\/uploads\/2021\/09\/icon_secundaria.png\" alt=\"\" width=\"300\" height=\"300\" srcset=\"https:\/\/rosarinos.edu.uy\/wp-content\/uploads\/2021\/09\/icon_secundaria.png 300w, https:\/\/rosarinos.edu.uy\/wp-content\/uploads\/2021\/09\/icon_secundaria-150x150.png 150w\" sizes=\"auto, (max-width: 300px) 85vw, 300px\" \/><\/b>Educaci\u00f3n Secundaria a tiempo completo<\/h5>\n<h5><span style=\"font-weight: 400;\">Horario:<\/span><\/h5>\n<p><span style=\"font-weight: 400;\">De 07:55 a 15:00 hs.<\/span><\/p>\n<h5>Actividades<\/h5>\n<ul>\n<li><span style=\"font-weight: 400;\">Asignaturas seg\u00fan Plan 2006<\/span><\/li>\n<li><span style=\"font-weight: 400;\">Ingl\u00e9s certificado<\/span><\/li>\n<li><span style=\"font-weight: 400;\">Italiano<\/span><\/li>\n<li><span style=\"font-weight: 400;\">Portugu\u00e9s<\/span><\/li>\n<li><span style=\"font-weight: 400;\">Encuentros con psic\u00f3loga (quincenales)<\/span><\/li>\n<li><span style=\"font-weight: 400;\">Actividades STEM (science, technology, engineering, mathematics)<\/span><\/li>\n<li><span style=\"font-weight: 400;\">Cocina<\/span><\/li>\n<li><span style=\"font-weight: 400;\">Deporte<\/span><\/li>\n<li><span style=\"font-weight: 400;\">Nataci\u00f3n<\/span><\/li>\n<li><span style=\"font-weight: 400;\">Talleres del patrimonio<\/span><\/li>\n<li><span style=\"font-weight: 400;\">Apoyo en ingl\u00e9s y ciencias<\/span><\/li>\n<li><span style=\"font-weight: 400;\">Catequesis<\/span><\/li>\n<\/ul>\n<p>&nbsp;<\/p>\n<div class=\"pt-cv-wrapper\"><div class=\"pt-cv-view pt-cv-grid pt-cv-colsys\" id=\"pt-cv-view-8359f10usj\"><div data-id=\"pt-cv-page-1\" class=\"pt-cv-page\" data-cvc=\"3\"><div class=\"col-md-4 col-sm-4 col-xs-12 pt-cv-content-item pt-cv-1-col\" ><div class='pt-cv-ifield'><a href=\"https:\/\/rosarinos.edu.uy\/index.php\/propuesta-idiomas\/\" class=\"_self pt-cv-href-thumbnail pt-cv-thumb-default\" target=\"_self\" ><\/a>\n<h4 class=\"pt-cv-title\"><a href=\"https:\/\/rosarinos.edu.uy\/index.php\/propuesta-idiomas\/\" class=\"_self\" target=\"_self\" >Propuesta Idiomas<\/a><\/h4>\n<div class=\"pt-cv-content\">Calidad acad\u00e9mica en cuatro idiomas Nuestra instituci\u00f3n sostiene una mirada global del momento actual, desafiante, cambiante y globalizado. En ese contexto, ...<br \/><div class=\"pt-cv-rmwrap\"><a href=\"https:\/\/rosarinos.edu.uy\/index.php\/propuesta-idiomas\/\" class=\"_self pt-cv-readmore btn btn-success\" target=\"_self\">Leer M\u00e1s<\/a><\/div><\/div><\/div><\/div>\n<div class=\"col-md-4 col-sm-4 col-xs-12 pt-cv-content-item pt-cv-1-col\" ><div class='pt-cv-ifield'><a href=\"https:\/\/rosarinos.edu.uy\/index.php\/el-alumno-en-el-centro\/\" class=\"_self pt-cv-href-thumbnail pt-cv-thumb-default\" target=\"_self\" ><\/a>\n<h4 class=\"pt-cv-title\"><a href=\"https:\/\/rosarinos.edu.uy\/index.php\/el-alumno-en-el-centro\/\" class=\"_self\" target=\"_self\" >El alumno en el centro<\/a><\/h4>\n<div class=\"pt-cv-content\">Con el alumno en el centro y como protagonista principal del proceso educativo, nuestro estilo formativo se compone de un trabajo ...<br \/><div class=\"pt-cv-rmwrap\"><a href=\"https:\/\/rosarinos.edu.uy\/index.php\/el-alumno-en-el-centro\/\" class=\"_self pt-cv-readmore btn btn-success\" target=\"_self\">Leer M\u00e1s<\/a><\/div><\/div><\/div><\/div>\n<div class=\"col-md-4 col-sm-4 col-xs-12 pt-cv-content-item pt-cv-1-col\" ><div class='pt-cv-ifield'><a href=\"https:\/\/rosarinos.edu.uy\/index.php\/la-educacion-rosarina\/\" class=\"_self pt-cv-href-thumbnail pt-cv-thumb-default\" target=\"_self\" ><\/a>\n<h4 class=\"pt-cv-title\"><a href=\"https:\/\/rosarinos.edu.uy\/index.php\/la-educacion-rosarina\/\" class=\"_self\" target=\"_self\" >La educaci\u00f3n rosarina<\/a><\/h4>\n<div class=\"pt-cv-content\">La educaci\u00f3n rosarina: una educaci\u00f3n liberadora, personalizada y humana. Educamos para una libertad responsable, en la que tanto ni\u00f1os como j\u00f3venes, ...<br \/><div class=\"pt-cv-rmwrap\"><a href=\"https:\/\/rosarinos.edu.uy\/index.php\/la-educacion-rosarina\/\" class=\"_self pt-cv-readmore btn btn-success\" target=\"_self\">Leer M\u00e1s<\/a><\/div><\/div><\/div><\/div><\/div><\/div><\/div>\n","protected":false},"excerpt":{"rendered":"<p>Educaci\u00f3n Secundaria a tiempo completo Horario: De 07:55 a 15:00 hs. Actividades Asignaturas seg\u00fan Plan 2006 Ingl\u00e9s certificado Italiano Portugu\u00e9s Encuentros con psic\u00f3loga (quincenales) Actividades STEM (science, technology, engineering, mathematics) Cocina Deporte Nataci\u00f3n Talleres del patrimonio Apoyo en ingl\u00e9s y ciencias Catequesis &nbsp;<\/p>\n","protected":false},"author":1,"featured_media":0,"parent":0,"menu_order":0,"comment_status":"closed","ping_status":"closed","template":"","meta":{"footnotes":""},"class_list":["post-156","page","type-page","status-publish","hentry"],"yoast_head":"<!-- This site is optimized with the Yoast SEO plugin v27.4 - https:\/\/yoast.com\/product\/yoast-seo-wordpress\/ -->\n<title>Propuesta Educaci\u00f3n Secundaria - Colegio Nuestra Se\u00f1ora del Rosario<\/title>\n<meta name=\"robots\" content=\"index, follow, max-snippet:-1, max-image-preview:large, max-video-preview:-1\" \/>\n<link rel=\"canonical\" href=\"https:\/\/rosarinos.edu.uy\/index.php\/propuesta-educacion-secundaria\/\" \/>\n<meta property=\"og:locale\" content=\"es_ES\" \/>\n<meta property=\"og:type\" content=\"article\" \/>\n<meta property=\"og:title\" content=\"Propuesta Educaci\u00f3n Secundaria - Colegio Nuestra Se\u00f1ora del Rosario\" \/>\n<meta property=\"og:description\" content=\"Educaci\u00f3n Secundaria a tiempo completo Horario: De 07:55 a 15:00 hs. Actividades Asignaturas seg\u00fan Plan 2006 Ingl\u00e9s certificado Italiano Portugu\u00e9s Encuentros con psic\u00f3loga (quincenales) Actividades STEM (science, technology, engineering, mathematics) Cocina Deporte Nataci\u00f3n Talleres del patrimonio Apoyo en ingl\u00e9s y ciencias Catequesis &nbsp;\" \/>\n<meta property=\"og:url\" content=\"https:\/\/rosarinos.edu.uy\/index.php\/propuesta-educacion-secundaria\/\" \/>\n<meta property=\"og:site_name\" content=\"Colegio Nuestra Se\u00f1ora del Rosario\" \/>\n<meta property=\"article:modified_time\" content=\"2021-09-17T17:10:43+00:00\" \/>\n<meta property=\"og:image\" content=\"https:\/\/rosarinos.edu.uy\/wp-content\/uploads\/2021\/09\/icon_secundaria.png\" \/>\n<meta name=\"twitter:card\" content=\"summary_large_image\" \/>\n<meta name=\"twitter:label1\" content=\"Tiempo de lectura\" \/>\n\t<meta name=\"twitter:data1\" content=\"1 minuto\" \/>\n<script type=\"application\/ld+json\" class=\"yoast-schema-graph\">{\"@context\":\"https:\\\/\\\/schema.org\",\"@graph\":[{\"@type\":\"WebPage\",\"@id\":\"https:\\\/\\\/rosarinos.edu.uy\\\/index.php\\\/propuesta-educacion-secundaria\\\/\",\"url\":\"https:\\\/\\\/rosarinos.edu.uy\\\/index.php\\\/propuesta-educacion-secundaria\\\/\",\"name\":\"Propuesta Educaci\u00f3n Secundaria - Colegio Nuestra Se\u00f1ora del Rosario\",\"isPartOf\":{\"@id\":\"https:\\\/\\\/rosarinos.edu.uy\\\/#website\"},\"primaryImageOfPage\":{\"@id\":\"https:\\\/\\\/rosarinos.edu.uy\\\/index.php\\\/propuesta-educacion-secundaria\\\/#primaryimage\"},\"image\":{\"@id\":\"https:\\\/\\\/rosarinos.edu.uy\\\/index.php\\\/propuesta-educacion-secundaria\\\/#primaryimage\"},\"thumbnailUrl\":\"https:\\\/\\\/rosarinos.edu.uy\\\/wp-content\\\/uploads\\\/2021\\\/09\\\/icon_secundaria.png\",\"datePublished\":\"2021-09-06T19:17:23+00:00\",\"dateModified\":\"2021-09-17T17:10:43+00:00\",\"breadcrumb\":{\"@id\":\"https:\\\/\\\/rosarinos.edu.uy\\\/index.php\\\/propuesta-educacion-secundaria\\\/#breadcrumb\"},\"inLanguage\":\"es\",\"potentialAction\":[{\"@type\":\"ReadAction\",\"target\":[\"https:\\\/\\\/rosarinos.edu.uy\\\/index.php\\\/propuesta-educacion-secundaria\\\/\"]}]},{\"@type\":\"ImageObject\",\"inLanguage\":\"es\",\"@id\":\"https:\\\/\\\/rosarinos.edu.uy\\\/index.php\\\/propuesta-educacion-secundaria\\\/#primaryimage\",\"url\":\"https:\\\/\\\/rosarinos.edu.uy\\\/wp-content\\\/uploads\\\/2021\\\/09\\\/icon_secundaria.png\",\"contentUrl\":\"https:\\\/\\\/rosarinos.edu.uy\\\/wp-content\\\/uploads\\\/2021\\\/09\\\/icon_secundaria.png\",\"width\":300,\"height\":300},{\"@type\":\"BreadcrumbList\",\"@id\":\"https:\\\/\\\/rosarinos.edu.uy\\\/index.php\\\/propuesta-educacion-secundaria\\\/#breadcrumb\",\"itemListElement\":[{\"@type\":\"ListItem\",\"position\":1,\"name\":\"Home\",\"item\":\"https:\\\/\\\/rosarinos.edu.uy\\\/\"},{\"@type\":\"ListItem\",\"position\":2,\"name\":\"Propuesta Educaci\u00f3n Secundaria\"}]},{\"@type\":\"WebSite\",\"@id\":\"https:\\\/\\\/rosarinos.edu.uy\\\/#website\",\"url\":\"https:\\\/\\\/rosarinos.edu.uy\\\/\",\"name\":\"Colegio Nuestra Se\u00f1ora del Rosario\",\"description\":\"Nuestra identidad como Colegio se compone de la suma de distintos aspectos que nos hacen una instituci\u00f3n educativa con caracter\u00edsticas propias, donde toda la comunidad educativa vive una experiencia \u00fanica.\",\"potentialAction\":[{\"@type\":\"SearchAction\",\"target\":{\"@type\":\"EntryPoint\",\"urlTemplate\":\"https:\\\/\\\/rosarinos.edu.uy\\\/?s={search_term_string}\"},\"query-input\":{\"@type\":\"PropertyValueSpecification\",\"valueRequired\":true,\"valueName\":\"search_term_string\"}}],\"inLanguage\":\"es\"}]}<\/script>\n<!-- \/ Yoast SEO plugin. -->","yoast_head_json":{"title":"Propuesta Educaci\u00f3n Secundaria - Colegio Nuestra Se\u00f1ora del Rosario","robots":{"index":"index","follow":"follow","max-snippet":"max-snippet:-1","max-image-preview":"max-image-preview:large","max-video-preview":"max-video-preview:-1"},"canonical":"https:\/\/rosarinos.edu.uy\/index.php\/propuesta-educacion-secundaria\/","og_locale":"es_ES","og_type":"article","og_title":"Propuesta Educaci\u00f3n Secundaria - Colegio Nuestra Se\u00f1ora del Rosario","og_description":"Educaci\u00f3n Secundaria a tiempo completo Horario: De 07:55 a 15:00 hs. Actividades Asignaturas seg\u00fan Plan 2006 Ingl\u00e9s certificado Italiano Portugu\u00e9s Encuentros con psic\u00f3loga (quincenales) Actividades STEM (science, technology, engineering, mathematics) Cocina Deporte Nataci\u00f3n Talleres del patrimonio Apoyo en ingl\u00e9s y ciencias Catequesis &nbsp;","og_url":"https:\/\/rosarinos.edu.uy\/index.php\/propuesta-educacion-secundaria\/","og_site_name":"Colegio Nuestra Se\u00f1ora del Rosario","article_modified_time":"2021-09-17T17:10:43+00:00","og_image":[{"url":"https:\/\/rosarinos.edu.uy\/wp-content\/uploads\/2021\/09\/icon_secundaria.png","type":"","width":"","height":""}],"twitter_card":"summary_large_image","twitter_misc":{"Tiempo de lectura":"1 minuto"},"schema":{"@context":"https:\/\/schema.org","@graph":[{"@type":"WebPage","@id":"https:\/\/rosarinos.edu.uy\/index.php\/propuesta-educacion-secundaria\/","url":"https:\/\/rosarinos.edu.uy\/index.php\/propuesta-educacion-secundaria\/","name":"Propuesta Educaci\u00f3n Secundaria - Colegio Nuestra Se\u00f1ora del Rosario","isPartOf":{"@id":"https:\/\/rosarinos.edu.uy\/#website"},"primaryImageOfPage":{"@id":"https:\/\/rosarinos.edu.uy\/index.php\/propuesta-educacion-secundaria\/#primaryimage"},"image":{"@id":"https:\/\/rosarinos.edu.uy\/index.php\/propuesta-educacion-secundaria\/#primaryimage"},"thumbnailUrl":"https:\/\/rosarinos.edu.uy\/wp-content\/uploads\/2021\/09\/icon_secundaria.png","datePublished":"2021-09-06T19:17:23+00:00","dateModified":"2021-09-17T17:10:43+00:00","breadcrumb":{"@id":"https:\/\/rosarinos.edu.uy\/index.php\/propuesta-educacion-secundaria\/#breadcrumb"},"inLanguage":"es","potentialAction":[{"@type":"ReadAction","target":["https:\/\/rosarinos.edu.uy\/index.php\/propuesta-educacion-secundaria\/"]}]},{"@type":"ImageObject","inLanguage":"es","@id":"https:\/\/rosarinos.edu.uy\/index.php\/propuesta-educacion-secundaria\/#primaryimage","url":"https:\/\/rosarinos.edu.uy\/wp-content\/uploads\/2021\/09\/icon_secundaria.png","contentUrl":"https:\/\/rosarinos.edu.uy\/wp-content\/uploads\/2021\/09\/icon_secundaria.png","width":300,"height":300},{"@type":"BreadcrumbList","@id":"https:\/\/rosarinos.edu.uy\/index.php\/propuesta-educacion-secundaria\/#breadcrumb","itemListElement":[{"@type":"ListItem","position":1,"name":"Home","item":"https:\/\/rosarinos.edu.uy\/"},{"@type":"ListItem","position":2,"name":"Propuesta Educaci\u00f3n Secundaria"}]},{"@type":"WebSite","@id":"https:\/\/rosarinos.edu.uy\/#website","url":"https:\/\/rosarinos.edu.uy\/","name":"Colegio Nuestra Se\u00f1ora del Rosario","description":"Nuestra identidad como Colegio se compone de la suma de distintos aspectos que nos hacen una instituci\u00f3n educativa con caracter\u00edsticas propias, donde toda la comunidad educativa vive una experiencia \u00fanica.","potentialAction":[{"@type":"SearchAction","target":{"@type":"EntryPoint","urlTemplate":"https:\/\/rosarinos.edu.uy\/?s={search_term_string}"},"query-input":{"@type":"PropertyValueSpecification","valueRequired":true,"valueName":"search_term_string"}}],"inLanguage":"es"}]}},"_links":{"self":[{"href":"https:\/\/rosarinos.edu.uy\/index.php\/wp-json\/wp\/v2\/pages\/156","targetHints":{"allow":["GET"]}}],"collection":[{"href":"https:\/\/rosarinos.edu.uy\/index.php\/wp-json\/wp\/v2\/pages"}],"about":[{"href":"https:\/\/rosarinos.edu.uy\/index.php\/wp-json\/wp\/v2\/types\/page"}],"author":[{"embeddable":true,"href":"https:\/\/rosarinos.edu.uy\/index.php\/wp-json\/wp\/v2\/users\/1"}],"replies":[{"embeddable":true,"href":"https:\/\/rosarinos.edu.uy\/index.php\/wp-json\/wp\/v2\/comments?post=156"}],"version-history":[{"count":7,"href":"https:\/\/rosarinos.edu.uy\/index.php\/wp-json\/wp\/v2\/pages\/156\/revisions"}],"predecessor-version":[{"id":781,"href":"https:\/\/rosarinos.edu.uy\/index.php\/wp-json\/wp\/v2\/pages\/156\/revisions\/781"}],"wp:attachment":[{"href":"https:\/\/rosarinos.edu.uy\/index.php\/wp-json\/wp\/v2\/media?parent=156"}],"curies":[{"name":"wp","href":"https:\/\/api.w.org\/{rel}","templated":true}]}}