{"id":150,"date":"2021-09-06T16:15:43","date_gmt":"2021-09-06T19:15:43","guid":{"rendered":"http:\/\/039-cnsr.isf-uy.com\/?page_id=150"},"modified":"2021-09-17T14:00:50","modified_gmt":"2021-09-17T17:00:50","slug":"el-alumno-en-el-centro","status":"publish","type":"page","link":"https:\/\/rosarinos.edu.uy\/index.php\/el-alumno-en-el-centro\/","title":{"rendered":"El alumno en el centro"},"content":{"rendered":"<h5>Con el alumno en el centro y como protagonista principal del proceso educativo, nuestro estilo formativo se compone de un trabajo en cinco dimensiones<\/h5>\n<p><i><span style=\"font-weight: 400;\">Nuestro prop\u00f3sito de educaci\u00f3n integral se desarrolla a trav\u00e9s de objetivos claros del saber ser y el saber hacer, componiendo a trav\u00e9s de dimensiones complementarias un perfil identitario de nuestros alumnos. Nuestro compromiso y motivo de orgullo es que este perfil los acompa\u00f1e toda su vida.<\/span><\/i><\/p>\n<h5>Dimensi\u00f3n \u00e9tico-valorativa<\/h5>\n<p><span style=\"font-weight: 400;\">Descubrir y encarnar valores como:<\/span><\/p>\n<ul>\n<li style=\"font-weight: 400;\" aria-level=\"1\"><span style=\"font-weight: 400;\">Alegr\u00eda<\/span><\/li>\n<li style=\"font-weight: 400;\" aria-level=\"1\"><span style=\"font-weight: 400;\">Sencillez<\/span><\/li>\n<li style=\"font-weight: 400;\" aria-level=\"1\"><span style=\"font-weight: 400;\">Firmeza y suavidad de car\u00e1cter<\/span><\/li>\n<li style=\"font-weight: 400;\" aria-level=\"1\"><span style=\"font-weight: 400;\">Puntualidad<\/span><\/li>\n<li style=\"font-weight: 400;\" aria-level=\"1\"><span style=\"font-weight: 400;\">Fortaleza<\/span><\/li>\n<li style=\"font-weight: 400;\" aria-level=\"1\"><span style=\"font-weight: 400;\">Respeto<\/span><\/li>\n<li style=\"font-weight: 400;\" aria-level=\"1\"><span style=\"font-weight: 400;\">Pureza<\/span><\/li>\n<li style=\"font-weight: 400;\" aria-level=\"1\"><span style=\"font-weight: 400;\">Bondad<\/span><\/li>\n<li style=\"font-weight: 400;\" aria-level=\"1\"><span style=\"font-weight: 400;\">Optimismo<\/span><\/li>\n<li style=\"font-weight: 400;\" aria-level=\"1\"><span style=\"font-weight: 400;\">Prudencia<\/span><\/li>\n<li style=\"font-weight: 400;\" aria-level=\"1\"><span style=\"font-weight: 400;\">Orden<\/span><\/li>\n<li style=\"font-weight: 400;\" aria-level=\"1\"><span style=\"font-weight: 400;\">Pulcritud<\/span><\/li>\n<li style=\"font-weight: 400;\" aria-level=\"1\"><span style=\"font-weight: 400;\">Modestia<\/span><\/li>\n<li style=\"font-weight: 400;\" aria-level=\"1\"><span style=\"font-weight: 400;\">Cortes\u00eda<\/span><\/li>\n<li style=\"font-weight: 400;\" aria-level=\"1\"><span style=\"font-weight: 400;\">Sabidur\u00eda<\/span><\/li>\n<\/ul>\n<h5>Dimensi\u00f3n f\u00edsica<\/h5>\n<ul>\n<li style=\"font-weight: 400;\" aria-level=\"1\"><span style=\"font-weight: 400;\">Valorar el propio cuerpo mediante el respeto y el cuidado del mismo, evitando acciones que atenten contra su salud y realizando acciones que favorezcan su sano desarrollo.<\/span><\/li>\n<li style=\"font-weight: 400;\" aria-level=\"1\"><span style=\"font-weight: 400;\">Reconocer el cuerpo como elemento constitutivo de su ser persona, al igual que su alma.<\/span><\/li>\n<\/ul>\n<h5>Dimensi\u00f3n afectiva<\/h5>\n<ul>\n<li style=\"font-weight: 400;\" aria-level=\"1\"><span style=\"font-weight: 400;\">Integrar en la propia vida las emociones, los sentimientos y la sexualidad.<\/span><\/li>\n<li style=\"font-weight: 400;\" aria-level=\"1\"><span style=\"font-weight: 400;\">Valorar su propio n\u00facleo familiar como \u00e1mbito necesario para su sano crecimiento.<\/span><\/li>\n<li style=\"font-weight: 400;\" aria-level=\"1\"><span style=\"font-weight: 400;\">Generar relaciones de amistad de manera estable y duradera.<\/span><\/li>\n<li style=\"font-weight: 400;\" aria-level=\"1\"><span style=\"font-weight: 400;\">Vivenciar la propia identidad desde una sana autoestima.<\/span><\/li>\n<\/ul>\n<h5>Dimensi\u00f3n cognitiva<\/h5>\n<ul>\n<li style=\"font-weight: 400;\" aria-level=\"1\"><span style=\"font-weight: 400;\">Poseer una actitud cr\u00edtica ante el conocimiento que le permita sintetizar la dimensi\u00f3n Fe y cultura.<\/span><\/li>\n<li style=\"font-weight: 400;\" aria-level=\"1\"><span style=\"font-weight: 400;\">Descubrir en el proceso de aprendizaje el desarrollo de sus propias habilidades intelectuales, motrices, est\u00e9ticas y \u00e9ticas.<\/span><\/li>\n<li style=\"font-weight: 400;\" aria-level=\"1\"><span style=\"font-weight: 400;\">Demostrar una s\u00f3lida preparaci\u00f3n aplicando los conocimientos con la seguridad que se adquiere cuando se ha aprendido y ejercitado de una manera inteligente y pr\u00e1ctica.<\/span><\/li>\n<li style=\"font-weight: 400;\" aria-level=\"1\"><span style=\"font-weight: 400;\">Valorar la dedicaci\u00f3n al estudio, el esfuerzo, el orden y la responsabilidad como factores primordiales para el aprendizaje.<\/span><\/li>\n<li style=\"font-weight: 400;\" aria-level=\"1\"><span style=\"font-weight: 400;\">Ejercitar un razonamiento creativo que le permita situarse en la vida e insertarse en el mundo del trabajo de manera solidaria y responsable.<\/span><\/li>\n<\/ul>\n<h5>Dimensi\u00f3n comunitaria-social<\/h5>\n<ul>\n<li style=\"font-weight: 400;\" aria-level=\"1\"><span style=\"font-weight: 400;\">Desarrollar una personalidad madura que logre insertar su car\u00e1cter \u00fanico e irrepetible en la comunidad a la que pertenece.<\/span><\/li>\n<li style=\"font-weight: 400;\" aria-level=\"1\"><span style=\"font-weight: 400;\">Ser part\u00edcipe de las realidades y problemas de otros y responsable de sus soluciones desde una visi\u00f3n cristiana del servicio.<\/span><\/li>\n<li style=\"font-weight: 400;\" aria-level=\"1\"><span style=\"font-weight: 400;\">Enfrentar las exigencias de la sociedad no s\u00f3lo desde lo intelectual, sino tambi\u00e9n enriqueci\u00e9ndose como personas y siendo competentes para establecer relaciones interpersonales arm\u00f3nicas, dando sentido a su vida de acuerdo a los rasgos de nuestra espiritualidad rosarina: alegr\u00eda, sencillez y laboriosidad.<\/span><\/li>\n<li style=\"font-weight: 400;\" aria-level=\"1\"><span style=\"font-weight: 400;\">Sentir amor y pertenencia por la Patria, la regi\u00f3n en la que vive y su Colegio.<\/span><\/li>\n<li style=\"font-weight: 400;\" aria-level=\"1\"><span style=\"font-weight: 400;\">Conocer y respetar las normas institucionales.<\/span><\/li>\n<li style=\"font-weight: 400;\" aria-level=\"1\"><span style=\"font-weight: 400;\">Ser constructores de una cultura que opte por la paz y la justicia.<\/span><\/li>\n<\/ul>\n<h5>Dimensi\u00f3n trascendente<\/h5>\n<ul>\n<li style=\"font-weight: 400;\" aria-level=\"1\"><span style=\"font-weight: 400;\">Dirigir la vida personal y familiar hacia un fin trascendente<\/span><\/li>\n<li style=\"font-weight: 400;\" aria-level=\"1\"><span style=\"font-weight: 400;\">Asumir un compromiso cristiano y ser portador de los valores del Evangelio para la construcci\u00f3n de la civilizaci\u00f3n del amor.<\/span><\/li>\n<li style=\"font-weight: 400;\" aria-level=\"1\"><span style=\"font-weight: 400;\">Integrar una \u201cpiedad amable y sencilla\u201d, en la vivencia de los Misterios del Rosario, con profunda connotaci\u00f3n Eucar\u00edstica y Mariana.<\/span><\/li>\n<li style=\"font-weight: 400;\" aria-level=\"1\"><span style=\"font-weight: 400;\">Ser art\u00edfice de su propio proyecto de vida, integrando oraci\u00f3n y trabajo; Fe, cultura y vida.<\/span><\/li>\n<\/ul>\n<p>&nbsp;<\/p>\n","protected":false},"excerpt":{"rendered":"<p>Con el alumno en el centro y como protagonista principal del proceso educativo, nuestro estilo formativo se compone de un trabajo en cinco dimensiones Nuestro prop\u00f3sito de educaci\u00f3n integral se desarrolla a trav\u00e9s de objetivos claros del saber ser y el saber hacer, componiendo a trav\u00e9s de dimensiones complementarias un perfil identitario de nuestros alumnos. &hellip; <a href=\"https:\/\/rosarinos.edu.uy\/index.php\/el-alumno-en-el-centro\/\" class=\"more-link\">Continue reading<span class=\"screen-reader-text\"> \u00abEl alumno en el centro\u00bb<\/span><\/a><\/p>\n","protected":false},"author":1,"featured_media":0,"parent":0,"menu_order":0,"comment_status":"closed","ping_status":"closed","template":"","meta":{"footnotes":""},"class_list":["post-150","page","type-page","status-publish","hentry"],"yoast_head":"<!-- This site is optimized with the Yoast SEO plugin v27.4 - https:\/\/yoast.com\/product\/yoast-seo-wordpress\/ -->\n<title>El alumno en el centro - Colegio Nuestra Se\u00f1ora del Rosario<\/title>\n<meta name=\"robots\" content=\"index, follow, max-snippet:-1, max-image-preview:large, max-video-preview:-1\" \/>\n<link rel=\"canonical\" href=\"https:\/\/rosarinos.edu.uy\/index.php\/el-alumno-en-el-centro\/\" \/>\n<meta property=\"og:locale\" content=\"es_ES\" \/>\n<meta property=\"og:type\" content=\"article\" \/>\n<meta property=\"og:title\" content=\"El alumno en el centro - Colegio Nuestra Se\u00f1ora del Rosario\" \/>\n<meta property=\"og:description\" content=\"Con el alumno en el centro y como protagonista principal del proceso educativo, nuestro estilo formativo se compone de un trabajo en cinco dimensiones Nuestro prop\u00f3sito de educaci\u00f3n integral se desarrolla a trav\u00e9s de objetivos claros del saber ser y el saber hacer, componiendo a trav\u00e9s de dimensiones complementarias un perfil identitario de nuestros alumnos. &hellip; Continue reading &quot;El alumno en el centro&quot;\" \/>\n<meta property=\"og:url\" content=\"https:\/\/rosarinos.edu.uy\/index.php\/el-alumno-en-el-centro\/\" \/>\n<meta property=\"og:site_name\" content=\"Colegio Nuestra Se\u00f1ora del Rosario\" \/>\n<meta property=\"article:modified_time\" content=\"2021-09-17T17:00:50+00:00\" \/>\n<meta name=\"twitter:card\" content=\"summary_large_image\" \/>\n<meta name=\"twitter:label1\" content=\"Tiempo de lectura\" \/>\n\t<meta name=\"twitter:data1\" content=\"3 minutos\" \/>\n<script type=\"application\/ld+json\" class=\"yoast-schema-graph\">{\"@context\":\"https:\\\/\\\/schema.org\",\"@graph\":[{\"@type\":\"WebPage\",\"@id\":\"https:\\\/\\\/rosarinos.edu.uy\\\/index.php\\\/el-alumno-en-el-centro\\\/\",\"url\":\"https:\\\/\\\/rosarinos.edu.uy\\\/index.php\\\/el-alumno-en-el-centro\\\/\",\"name\":\"El alumno en el centro - Colegio Nuestra Se\u00f1ora del Rosario\",\"isPartOf\":{\"@id\":\"https:\\\/\\\/rosarinos.edu.uy\\\/#website\"},\"datePublished\":\"2021-09-06T19:15:43+00:00\",\"dateModified\":\"2021-09-17T17:00:50+00:00\",\"breadcrumb\":{\"@id\":\"https:\\\/\\\/rosarinos.edu.uy\\\/index.php\\\/el-alumno-en-el-centro\\\/#breadcrumb\"},\"inLanguage\":\"es\",\"potentialAction\":[{\"@type\":\"ReadAction\",\"target\":[\"https:\\\/\\\/rosarinos.edu.uy\\\/index.php\\\/el-alumno-en-el-centro\\\/\"]}]},{\"@type\":\"BreadcrumbList\",\"@id\":\"https:\\\/\\\/rosarinos.edu.uy\\\/index.php\\\/el-alumno-en-el-centro\\\/#breadcrumb\",\"itemListElement\":[{\"@type\":\"ListItem\",\"position\":1,\"name\":\"Home\",\"item\":\"https:\\\/\\\/rosarinos.edu.uy\\\/\"},{\"@type\":\"ListItem\",\"position\":2,\"name\":\"El alumno en el centro\"}]},{\"@type\":\"WebSite\",\"@id\":\"https:\\\/\\\/rosarinos.edu.uy\\\/#website\",\"url\":\"https:\\\/\\\/rosarinos.edu.uy\\\/\",\"name\":\"Colegio Nuestra Se\u00f1ora del Rosario\",\"description\":\"Nuestra identidad como Colegio se compone de la suma de distintos aspectos que nos hacen una instituci\u00f3n educativa con caracter\u00edsticas propias, donde toda la comunidad educativa vive una experiencia \u00fanica.\",\"potentialAction\":[{\"@type\":\"SearchAction\",\"target\":{\"@type\":\"EntryPoint\",\"urlTemplate\":\"https:\\\/\\\/rosarinos.edu.uy\\\/?s={search_term_string}\"},\"query-input\":{\"@type\":\"PropertyValueSpecification\",\"valueRequired\":true,\"valueName\":\"search_term_string\"}}],\"inLanguage\":\"es\"}]}<\/script>\n<!-- \/ Yoast SEO plugin. -->","yoast_head_json":{"title":"El alumno en el centro - Colegio Nuestra Se\u00f1ora del Rosario","robots":{"index":"index","follow":"follow","max-snippet":"max-snippet:-1","max-image-preview":"max-image-preview:large","max-video-preview":"max-video-preview:-1"},"canonical":"https:\/\/rosarinos.edu.uy\/index.php\/el-alumno-en-el-centro\/","og_locale":"es_ES","og_type":"article","og_title":"El alumno en el centro - Colegio Nuestra Se\u00f1ora del Rosario","og_description":"Con el alumno en el centro y como protagonista principal del proceso educativo, nuestro estilo formativo se compone de un trabajo en cinco dimensiones Nuestro prop\u00f3sito de educaci\u00f3n integral se desarrolla a trav\u00e9s de objetivos claros del saber ser y el saber hacer, componiendo a trav\u00e9s de dimensiones complementarias un perfil identitario de nuestros alumnos. &hellip; Continue reading \"El alumno en el centro\"","og_url":"https:\/\/rosarinos.edu.uy\/index.php\/el-alumno-en-el-centro\/","og_site_name":"Colegio Nuestra Se\u00f1ora del Rosario","article_modified_time":"2021-09-17T17:00:50+00:00","twitter_card":"summary_large_image","twitter_misc":{"Tiempo de lectura":"3 minutos"},"schema":{"@context":"https:\/\/schema.org","@graph":[{"@type":"WebPage","@id":"https:\/\/rosarinos.edu.uy\/index.php\/el-alumno-en-el-centro\/","url":"https:\/\/rosarinos.edu.uy\/index.php\/el-alumno-en-el-centro\/","name":"El alumno en el centro - Colegio Nuestra Se\u00f1ora del Rosario","isPartOf":{"@id":"https:\/\/rosarinos.edu.uy\/#website"},"datePublished":"2021-09-06T19:15:43+00:00","dateModified":"2021-09-17T17:00:50+00:00","breadcrumb":{"@id":"https:\/\/rosarinos.edu.uy\/index.php\/el-alumno-en-el-centro\/#breadcrumb"},"inLanguage":"es","potentialAction":[{"@type":"ReadAction","target":["https:\/\/rosarinos.edu.uy\/index.php\/el-alumno-en-el-centro\/"]}]},{"@type":"BreadcrumbList","@id":"https:\/\/rosarinos.edu.uy\/index.php\/el-alumno-en-el-centro\/#breadcrumb","itemListElement":[{"@type":"ListItem","position":1,"name":"Home","item":"https:\/\/rosarinos.edu.uy\/"},{"@type":"ListItem","position":2,"name":"El alumno en el centro"}]},{"@type":"WebSite","@id":"https:\/\/rosarinos.edu.uy\/#website","url":"https:\/\/rosarinos.edu.uy\/","name":"Colegio Nuestra Se\u00f1ora del Rosario","description":"Nuestra identidad como Colegio se compone de la suma de distintos aspectos que nos hacen una instituci\u00f3n educativa con caracter\u00edsticas propias, donde toda la comunidad educativa vive una experiencia \u00fanica.","potentialAction":[{"@type":"SearchAction","target":{"@type":"EntryPoint","urlTemplate":"https:\/\/rosarinos.edu.uy\/?s={search_term_string}"},"query-input":{"@type":"PropertyValueSpecification","valueRequired":true,"valueName":"search_term_string"}}],"inLanguage":"es"}]}},"_links":{"self":[{"href":"https:\/\/rosarinos.edu.uy\/index.php\/wp-json\/wp\/v2\/pages\/150","targetHints":{"allow":["GET"]}}],"collection":[{"href":"https:\/\/rosarinos.edu.uy\/index.php\/wp-json\/wp\/v2\/pages"}],"about":[{"href":"https:\/\/rosarinos.edu.uy\/index.php\/wp-json\/wp\/v2\/types\/page"}],"author":[{"embeddable":true,"href":"https:\/\/rosarinos.edu.uy\/index.php\/wp-json\/wp\/v2\/users\/1"}],"replies":[{"embeddable":true,"href":"https:\/\/rosarinos.edu.uy\/index.php\/wp-json\/wp\/v2\/comments?post=150"}],"version-history":[{"count":4,"href":"https:\/\/rosarinos.edu.uy\/index.php\/wp-json\/wp\/v2\/pages\/150\/revisions"}],"predecessor-version":[{"id":772,"href":"https:\/\/rosarinos.edu.uy\/index.php\/wp-json\/wp\/v2\/pages\/150\/revisions\/772"}],"wp:attachment":[{"href":"https:\/\/rosarinos.edu.uy\/index.php\/wp-json\/wp\/v2\/media?parent=150"}],"curies":[{"name":"wp","href":"https:\/\/api.w.org\/{rel}","templated":true}]}}