{"id":148,"date":"2021-09-06T16:13:21","date_gmt":"2021-09-06T19:13:21","guid":{"rendered":"http:\/\/039-cnsr.isf-uy.com\/?page_id=148"},"modified":"2021-09-17T14:03:29","modified_gmt":"2021-09-17T17:03:29","slug":"la-educacion-rosarina","status":"publish","type":"page","link":"https:\/\/rosarinos.edu.uy\/index.php\/la-educacion-rosarina\/","title":{"rendered":"La educaci\u00f3n rosarina"},"content":{"rendered":"<h5>La educaci\u00f3n rosarina: una educaci\u00f3n liberadora, personalizada y humana.<\/h5>\n<p><span style=\"font-weight: 400;\">Educamos para una libertad responsable, en la que tanto ni\u00f1os como j\u00f3venes, creciendo en nuestra instituci\u00f3n, aprenden desde temprana edad que de la calidad de los valores que elijan depende su realizaci\u00f3n.<\/span><\/p>\n<h5>\u00bfPor qu\u00e9 liberadora?<\/h5>\n<p><span style=\"font-weight: 400;\">Entendemos a la educaci\u00f3n como una herramienta que debe tender a desarrollar la capacidad de la persona para dar respuestas responsables y creativas, desde la libertad, a las realidades temporales, permiti\u00e9ndole as\u00ed superar los condicionamientos tanto internos como externos que se contraponen a la realizaci\u00f3n personal.<\/span><\/p>\n<h5>\u00bfPor qu\u00e9 personalizada?<\/h5>\n<p><span style=\"font-weight: 400;\">La educaci\u00f3n es, para nosotros, una relaci\u00f3n entre personas \u00fanicas e irrepetibles, que enriqueci\u00e9ndose de sus diferencias respetan sus procesos de crecimiento.<\/span><\/p>\n<h5>\u00bfPor qu\u00e9 humana?<\/h5>\n<p><span style=\"font-weight: 400;\">Trabajamos en una formaci\u00f3n integral del individuo como tal, a fin de que sea una persona \u00fatil para s\u00ed misma y para los dem\u00e1s miembros de la sociedad global en la que vivimos. Nuestra visi\u00f3n de la Humanidad y del mundo emana del Evangelio, fundamento de nuestra \u00e9tica cristiana, la que nos impulsa a ser una instituci\u00f3n practicante del bien y las buenas obras.<\/span><\/p>\n","protected":false},"excerpt":{"rendered":"<p>La educaci\u00f3n rosarina: una educaci\u00f3n liberadora, personalizada y humana. Educamos para una libertad responsable, en la que tanto ni\u00f1os como j\u00f3venes, creciendo en nuestra instituci\u00f3n, aprenden desde temprana edad que de la calidad de los valores que elijan depende su realizaci\u00f3n. \u00bfPor qu\u00e9 liberadora? Entendemos a la educaci\u00f3n como una herramienta que debe tender a &hellip; <a href=\"https:\/\/rosarinos.edu.uy\/index.php\/la-educacion-rosarina\/\" class=\"more-link\">Continue reading<span class=\"screen-reader-text\"> \u00abLa educaci\u00f3n rosarina\u00bb<\/span><\/a><\/p>\n","protected":false},"author":1,"featured_media":0,"parent":0,"menu_order":0,"comment_status":"closed","ping_status":"closed","template":"","meta":{"footnotes":""},"class_list":["post-148","page","type-page","status-publish","hentry"],"yoast_head":"<!-- This site is optimized with the Yoast SEO plugin v27.4 - https:\/\/yoast.com\/product\/yoast-seo-wordpress\/ -->\n<title>La educaci\u00f3n rosarina - Colegio Nuestra Se\u00f1ora del Rosario<\/title>\n<meta name=\"robots\" content=\"index, follow, max-snippet:-1, max-image-preview:large, max-video-preview:-1\" \/>\n<link rel=\"canonical\" href=\"https:\/\/rosarinos.edu.uy\/index.php\/la-educacion-rosarina\/\" \/>\n<meta property=\"og:locale\" content=\"es_ES\" \/>\n<meta property=\"og:type\" content=\"article\" \/>\n<meta property=\"og:title\" content=\"La educaci\u00f3n rosarina - Colegio Nuestra Se\u00f1ora del Rosario\" \/>\n<meta property=\"og:description\" content=\"La educaci\u00f3n rosarina: una educaci\u00f3n liberadora, personalizada y humana. Educamos para una libertad responsable, en la que tanto ni\u00f1os como j\u00f3venes, creciendo en nuestra instituci\u00f3n, aprenden desde temprana edad que de la calidad de los valores que elijan depende su realizaci\u00f3n. \u00bfPor qu\u00e9 liberadora? Entendemos a la educaci\u00f3n como una herramienta que debe tender a &hellip; Continue reading &quot;La educaci\u00f3n rosarina&quot;\" \/>\n<meta property=\"og:url\" content=\"https:\/\/rosarinos.edu.uy\/index.php\/la-educacion-rosarina\/\" \/>\n<meta property=\"og:site_name\" content=\"Colegio Nuestra Se\u00f1ora del Rosario\" \/>\n<meta property=\"article:modified_time\" content=\"2021-09-17T17:03:29+00:00\" \/>\n<meta name=\"twitter:card\" content=\"summary_large_image\" \/>\n<meta name=\"twitter:label1\" content=\"Tiempo de lectura\" \/>\n\t<meta name=\"twitter:data1\" content=\"1 minuto\" \/>\n<script type=\"application\/ld+json\" class=\"yoast-schema-graph\">{\"@context\":\"https:\\\/\\\/schema.org\",\"@graph\":[{\"@type\":\"WebPage\",\"@id\":\"https:\\\/\\\/rosarinos.edu.uy\\\/index.php\\\/la-educacion-rosarina\\\/\",\"url\":\"https:\\\/\\\/rosarinos.edu.uy\\\/index.php\\\/la-educacion-rosarina\\\/\",\"name\":\"La educaci\u00f3n rosarina - Colegio Nuestra Se\u00f1ora del Rosario\",\"isPartOf\":{\"@id\":\"https:\\\/\\\/rosarinos.edu.uy\\\/#website\"},\"datePublished\":\"2021-09-06T19:13:21+00:00\",\"dateModified\":\"2021-09-17T17:03:29+00:00\",\"breadcrumb\":{\"@id\":\"https:\\\/\\\/rosarinos.edu.uy\\\/index.php\\\/la-educacion-rosarina\\\/#breadcrumb\"},\"inLanguage\":\"es\",\"potentialAction\":[{\"@type\":\"ReadAction\",\"target\":[\"https:\\\/\\\/rosarinos.edu.uy\\\/index.php\\\/la-educacion-rosarina\\\/\"]}]},{\"@type\":\"BreadcrumbList\",\"@id\":\"https:\\\/\\\/rosarinos.edu.uy\\\/index.php\\\/la-educacion-rosarina\\\/#breadcrumb\",\"itemListElement\":[{\"@type\":\"ListItem\",\"position\":1,\"name\":\"Home\",\"item\":\"https:\\\/\\\/rosarinos.edu.uy\\\/\"},{\"@type\":\"ListItem\",\"position\":2,\"name\":\"La educaci\u00f3n rosarina\"}]},{\"@type\":\"WebSite\",\"@id\":\"https:\\\/\\\/rosarinos.edu.uy\\\/#website\",\"url\":\"https:\\\/\\\/rosarinos.edu.uy\\\/\",\"name\":\"Colegio Nuestra Se\u00f1ora del Rosario\",\"description\":\"Nuestra identidad como Colegio se compone de la suma de distintos aspectos que nos hacen una instituci\u00f3n educativa con caracter\u00edsticas propias, donde toda la comunidad educativa vive una experiencia \u00fanica.\",\"potentialAction\":[{\"@type\":\"SearchAction\",\"target\":{\"@type\":\"EntryPoint\",\"urlTemplate\":\"https:\\\/\\\/rosarinos.edu.uy\\\/?s={search_term_string}\"},\"query-input\":{\"@type\":\"PropertyValueSpecification\",\"valueRequired\":true,\"valueName\":\"search_term_string\"}}],\"inLanguage\":\"es\"}]}<\/script>\n<!-- \/ Yoast SEO plugin. -->","yoast_head_json":{"title":"La educaci\u00f3n rosarina - Colegio Nuestra Se\u00f1ora del Rosario","robots":{"index":"index","follow":"follow","max-snippet":"max-snippet:-1","max-image-preview":"max-image-preview:large","max-video-preview":"max-video-preview:-1"},"canonical":"https:\/\/rosarinos.edu.uy\/index.php\/la-educacion-rosarina\/","og_locale":"es_ES","og_type":"article","og_title":"La educaci\u00f3n rosarina - Colegio Nuestra Se\u00f1ora del Rosario","og_description":"La educaci\u00f3n rosarina: una educaci\u00f3n liberadora, personalizada y humana. Educamos para una libertad responsable, en la que tanto ni\u00f1os como j\u00f3venes, creciendo en nuestra instituci\u00f3n, aprenden desde temprana edad que de la calidad de los valores que elijan depende su realizaci\u00f3n. \u00bfPor qu\u00e9 liberadora? Entendemos a la educaci\u00f3n como una herramienta que debe tender a &hellip; Continue reading \"La educaci\u00f3n rosarina\"","og_url":"https:\/\/rosarinos.edu.uy\/index.php\/la-educacion-rosarina\/","og_site_name":"Colegio Nuestra Se\u00f1ora del Rosario","article_modified_time":"2021-09-17T17:03:29+00:00","twitter_card":"summary_large_image","twitter_misc":{"Tiempo de lectura":"1 minuto"},"schema":{"@context":"https:\/\/schema.org","@graph":[{"@type":"WebPage","@id":"https:\/\/rosarinos.edu.uy\/index.php\/la-educacion-rosarina\/","url":"https:\/\/rosarinos.edu.uy\/index.php\/la-educacion-rosarina\/","name":"La educaci\u00f3n rosarina - Colegio Nuestra Se\u00f1ora del Rosario","isPartOf":{"@id":"https:\/\/rosarinos.edu.uy\/#website"},"datePublished":"2021-09-06T19:13:21+00:00","dateModified":"2021-09-17T17:03:29+00:00","breadcrumb":{"@id":"https:\/\/rosarinos.edu.uy\/index.php\/la-educacion-rosarina\/#breadcrumb"},"inLanguage":"es","potentialAction":[{"@type":"ReadAction","target":["https:\/\/rosarinos.edu.uy\/index.php\/la-educacion-rosarina\/"]}]},{"@type":"BreadcrumbList","@id":"https:\/\/rosarinos.edu.uy\/index.php\/la-educacion-rosarina\/#breadcrumb","itemListElement":[{"@type":"ListItem","position":1,"name":"Home","item":"https:\/\/rosarinos.edu.uy\/"},{"@type":"ListItem","position":2,"name":"La educaci\u00f3n rosarina"}]},{"@type":"WebSite","@id":"https:\/\/rosarinos.edu.uy\/#website","url":"https:\/\/rosarinos.edu.uy\/","name":"Colegio Nuestra Se\u00f1ora del Rosario","description":"Nuestra identidad como Colegio se compone de la suma de distintos aspectos que nos hacen una instituci\u00f3n educativa con caracter\u00edsticas propias, donde toda la comunidad educativa vive una experiencia \u00fanica.","potentialAction":[{"@type":"SearchAction","target":{"@type":"EntryPoint","urlTemplate":"https:\/\/rosarinos.edu.uy\/?s={search_term_string}"},"query-input":{"@type":"PropertyValueSpecification","valueRequired":true,"valueName":"search_term_string"}}],"inLanguage":"es"}]}},"_links":{"self":[{"href":"https:\/\/rosarinos.edu.uy\/index.php\/wp-json\/wp\/v2\/pages\/148","targetHints":{"allow":["GET"]}}],"collection":[{"href":"https:\/\/rosarinos.edu.uy\/index.php\/wp-json\/wp\/v2\/pages"}],"about":[{"href":"https:\/\/rosarinos.edu.uy\/index.php\/wp-json\/wp\/v2\/types\/page"}],"author":[{"embeddable":true,"href":"https:\/\/rosarinos.edu.uy\/index.php\/wp-json\/wp\/v2\/users\/1"}],"replies":[{"embeddable":true,"href":"https:\/\/rosarinos.edu.uy\/index.php\/wp-json\/wp\/v2\/comments?post=148"}],"version-history":[{"count":3,"href":"https:\/\/rosarinos.edu.uy\/index.php\/wp-json\/wp\/v2\/pages\/148\/revisions"}],"predecessor-version":[{"id":775,"href":"https:\/\/rosarinos.edu.uy\/index.php\/wp-json\/wp\/v2\/pages\/148\/revisions\/775"}],"wp:attachment":[{"href":"https:\/\/rosarinos.edu.uy\/index.php\/wp-json\/wp\/v2\/media?parent=148"}],"curies":[{"name":"wp","href":"https:\/\/api.w.org\/{rel}","templated":true}]}}